{"id":2056,"date":"2016-11-10T09:40:28","date_gmt":"2016-11-10T11:40:28","guid":{"rendered":"http:\/\/criatusdesign.com.br\/?page_id=2056"},"modified":"2018-01-28T18:35:28","modified_gmt":"2018-01-28T20:35:28","slug":"acabamento-recursos-especiais","status":"publish","type":"page","link":"https:\/\/criatusdesign.com.br\/?page_id=2056","title":{"rendered":"Acabamento"},"content":{"rendered":"<section class=\"wpb-content-wrapper\"><p>[vc_row bg_source=&#8221;parallax&#8221; parallax_image=&#8221;1924&#8243; text_color=&#8221;bg-dark&#8221; overlay=&#8221;bg-dark-30&#8243; css=&#8221;.vc_custom_1478617727848{padding-top: 200px !important;padding-bottom: 200px !important;}&#8221;][vc_column]\n\t\t\t<!-- HERO TEXT -->\n\t\t\t<div class=\"hero-caption\">\n\t\t\t\t<div class=\"hero-text\"><h3 class=\"mh-line-size-3 font-alt m-b-20\">Cursos<\/h3>\t\n\t\t\t\t<\/div>\n\t\t\t<\/div>\n\t\t\t<!-- \/HERO TEXT -->[\/vc_column][\/vc_row][vc_row container=&#8221;1&#8243; css=&#8221;.vc_custom_1478704126929{padding-top: 150px !important;padding-bottom: 0px !important;}&#8221;][vc_column css=&#8221;.vc_custom_1478618196342{padding-right: 300px !important;padding-bottom: 70px !important;padding-left: 300px !important;}&#8221;]<!-- MODULE HEADING --><h2 class=\"module-title font-alt\">Acabamento e Recursos Especiais<\/h2><div class=\"module-subtitle font-serif\">Aprenda a utilizar de forma segura e confi\u00e1vel recursos especiais em seus projetos criando valor aos seus impressos com facas especiais, tintas Pantone, relevo seco, hot-stamp, relevo americano, verniz textura, brilho ou arom\u00e1ticos, capa dura, dobras, serigrafia e encaderna\u00e7\u00e3o especial.<\/div><!-- \/MODULE HEADING -->[\/vc_column][\/vc_row][vc_row css=&#8221;.vc_custom_1478702577522{margin-right: 510px !important;margin-left: 510px !important;}&#8221;][vc_column]\n\t\t\t<!-- TABS -->\n\t\t\t<div role=\"tabpanel\"><ul class=\"nav nav-tabs font-alt\" role=\"tablist\"><li class=\"active\"><a href=\"#item1\" data-toggle=\"tab\">Descri\u00e7\u00e3o<\/a><\/li><li class=\"\"><a href=\"#item2\" data-toggle=\"tab\">Dura\u00e7\u00e3o<\/a><\/li><li class=\"\"><a href=\"#item3\" data-toggle=\"tab\">Inclusos<\/a><\/li><li class=\"\"><a href=\"#item4\" data-toggle=\"tab\">P\u00fablico alvo<\/a><\/li><li class=\"\"><a href=\"#item5\" data-toggle=\"tab\">Aplicativos<\/a><\/li><li class=\"\"><a href=\"#item6\" data-toggle=\"tab\">Metodologia<\/a><\/li><li class=\"\"><a href=\"#item7\" data-toggle=\"tab\">Necess\u00e1rio<\/a><\/li><\/ul><div class=\"tab-content\">\n\t\t\t\t\t\t\t<div class=\"tab-pane active\" id=\"item1\">\n\t\t\t\t\t\t\t\tConte\u00fado:<br>\n<br>\nConhecendo cada necessidade;<br>\nCriando o arquivo de produ\u00e7\u00e3o;<br>\nFechamento correto de arquivos;<br>\nProjeto, fechamento, envio e produ\u00e7\u00e3o de uma matriz;<br>\n<br>\nO aluno ir\u00e1 desenvolver, or\u00e7ar, encomendar, pagar e receber uma matriz a sua escolha.<br>\n<br>\nOBS.: O investimento \u00e9 por conta do aluno. <br>\nPoss\u00edvel visita guiada a fornecedores.\n\t\t\t\t\t\t\t<\/div>\n\t\t\t\t\t\t\t<div class=\"tab-pane \" id=\"item2\">\n\t\t\t\t\t\t\t\t3 encontros com 3 horas cada.\n\t\t\t\t\t\t\t<\/div>\n\t\t\t\t\t\t\t<div class=\"tab-pane \" id=\"item3\">\n\t\t\t\t\t\t\t\tCertificado, lista de fornecedores e suporte via e-mail por 7 dias.\n\t\t\t\t\t\t\t<\/div>\n\t\t\t\t\t\t\t<div class=\"tab-pane \" id=\"item4\">\n\t\t\t\t\t\t\t\tEstudantes (v\u00e1lido para horas complementares), designer gr\u00e1ficos, arte-finalistas e p\u00fablico interessado.\n\t\t\t\t\t\t\t<\/div>\n\t\t\t\t\t\t\t<div class=\"tab-pane \" id=\"item5\">\n\t\t\t\t\t\t\t\tAdobe Indesign, Illustrator, e Photoshop.\n\t\t\t\t\t\t\t<\/div>\n\t\t\t\t\t\t\t<div class=\"tab-pane \" id=\"item6\">\n\t\t\t\t\t\t\t\tAula presencial, conte\u00fado te\u00f3rico e pr\u00e1tico com exemplos reais e avalia\u00e7\u00e3o a cada encontro.\n\t\t\t\t\t\t\t<\/div>\n\t\t\t\t\t\t\t<div class=\"tab-pane \" id=\"item7\">\n\t\t\t\t\t\t\t\tSaber utilizar o computador;<br>\nTrazer o notebook para sala de aula;<br>\nAplicativos instalados e funcionando;<br>\nPagar pela matriz produzida.\n\t\t\t\t\t\t\t<\/div><\/div>\n\t\t\t<\/div>\n\t\t\t<!-- \/TABS -->[\/vc_column][\/vc_row]<\/p>\n<\/section>","protected":false},"excerpt":{"rendered":"<p>[vc_row [&hellip;]<\/p>\n","protected":false},"author":3,"featured_media":0,"parent":2015,"menu_order":0,"comment_status":"open","ping_status":"closed","template":"page-vc.php","meta":{"footnotes":""},"class_list":["post-2056","page","type-page","status-publish","hentry"],"_links":{"self":[{"href":"https:\/\/criatusdesign.com.br\/index.php?rest_route=\/wp\/v2\/pages\/2056","targetHints":{"allow":["GET"]}}],"collection":[{"href":"https:\/\/criatusdesign.com.br\/index.php?rest_route=\/wp\/v2\/pages"}],"about":[{"href":"https:\/\/criatusdesign.com.br\/index.php?rest_route=\/wp\/v2\/types\/page"}],"author":[{"embeddable":true,"href":"https:\/\/criatusdesign.com.br\/index.php?rest_route=\/wp\/v2\/users\/3"}],"replies":[{"embeddable":true,"href":"https:\/\/criatusdesign.com.br\/index.php?rest_route=%2Fwp%2Fv2%2Fcomments&post=2056"}],"version-history":[{"count":0,"href":"https:\/\/criatusdesign.com.br\/index.php?rest_route=\/wp\/v2\/pages\/2056\/revisions"}],"up":[{"embeddable":true,"href":"https:\/\/criatusdesign.com.br\/index.php?rest_route=\/wp\/v2\/pages\/2015"}],"wp:attachment":[{"href":"https:\/\/criatusdesign.com.br\/index.php?rest_route=%2Fwp%2Fv2%2Fmedia&parent=2056"}],"curies":[{"name":"wp","href":"https:\/\/api.w.org\/{rel}","templated":true}]}}