{"id":2052,"date":"2016-11-10T09:37:43","date_gmt":"2016-11-10T11:37:43","guid":{"rendered":"http:\/\/criatusdesign.com.br\/?page_id=2052"},"modified":"2020-03-09T17:01:57","modified_gmt":"2020-03-09T20:01:57","slug":"adobe-indesign-photoshop-illustrator-2","status":"publish","type":"page","link":"https:\/\/criatusdesign.com.br\/?page_id=2052","title":{"rendered":"Curso de Adobe Indesign, Photoshop e Illustrator"},"content":{"rendered":"<section class=\"wpb-content-wrapper\"><p>[vc_row bg_source=&#8221;parallax&#8221; parallax_image=&#8221;1924&#8243; text_color=&#8221;bg-dark&#8221; overlay=&#8221;bg-dark-30&#8243; css=&#8221;.vc_custom_1478617727848{padding-top: 200px !important;padding-bottom: 200px !important;}&#8221;][vc_column]\n\t\t\t<!-- HERO TEXT -->\n\t\t\t<div class=\"hero-caption\">\n\t\t\t\t<div class=\"hero-text\"><h3 class=\"mh-line-size-3 font-alt m-b-20\">Cursos e Workshops<\/h3>\t\n\t\t\t\t<\/div>\n\t\t\t<\/div>\n\t\t\t<!-- \/HERO TEXT -->[\/vc_column][\/vc_row][vc_row css=&#8221;.vc_custom_1515281480892{margin-top: 5% !important;margin-right: 5% !important;margin-bottom: 5% !important;margin-left: 5% !important;}&#8221;][vc_column css=&#8221;.vc_custom_1515281606215{padding-right: 5% !important;padding-left: 5% !important;}&#8221;]<!-- MODULE HEADING --><h2 class=\"module-title font-alt\">Design gr\u00e1fico com foco em Adobe InDesign, Photoshop e Illustrator<\/h2><div class=\"module-subtitle font-serif\">Aprenda neste Workshop a utilizar os aplicativos Indesign, Photoshop e Illustrator, os mais usados para cria\u00e7\u00e3o gr\u00e1fica e transforme suas ideias em realidade.<\/div><!-- \/MODULE HEADING -->[\/vc_column][\/vc_row][vc_row css=&#8221;.vc_custom_1515281221340{margin-right: 5% !important;margin-left: 5% !important;}&#8221;][vc_column]\n\t\t\t<!-- TABS -->\n\t\t\t<div role=\"tabpanel\"><ul class=\"nav nav-tabs font-alt\" role=\"tablist\"><li class=\"active\"><a href=\"#item1\" data-toggle=\"tab\">Descri\u00e7\u00e3o<\/a><\/li><li class=\"\"><a href=\"#item2\" data-toggle=\"tab\">Dura\u00e7\u00e3o<\/a><\/li><li class=\"\"><a href=\"#item3\" data-toggle=\"tab\">Valor<\/a><\/li><li class=\"\"><a href=\"#item4\" data-toggle=\"tab\">Geral<\/a><\/li><li class=\"\"><a href=\"#item5\" data-toggle=\"tab\">Como fazer a inscri\u00e7\u00e3o?<\/a><\/li><li class=\"\"><a href=\"#item6\" data-toggle=\"tab\">Resposta as d\u00favidas frequentes<\/a><\/li><li class=\"\"><a href=\"#item7\" data-toggle=\"tab\">Turmas de 1 a 6 pessoas<\/a><\/li><\/ul><div class=\"tab-content\">\n\t\t\t\t\t\t\t<div class=\"tab-pane active\" id=\"item1\">\n\t\t\t\t\t\t\t\tO grande diferencial deste workshop e a maneira de aprender: A ferramenta \u00e9 o centro n\u00e3o o aplicativo, ou seja, uma vez aprendido a ferramenta, \u00e9 replicar para os demais aplicativos. Com isto reduz o tempo de aprendizagem, facilita o entendimento e voc\u00ea j\u00e1 consegue trabalhar em v\u00e1rios aplicativos ao mesmo tempo. R\u00e1pido, pr\u00e1tico, inteligente e principalmente, \u00fatil para voc\u00ea.\n<\/br><\/br>\n<b>Roteiro<\/b><\/br><\/br>\n\u2014 <b>Perdendo o medo<\/b>: introdu\u00e7\u00e3o aos aplicativos e suas possibilidades;<br>\n\u2014 <b>Palavras ao vento<\/b>: aprenda a utilizar de forma correta as ferramentas de texto;<br>\n\u2014 <b>Pav\u00e3o Misterioso<\/b>: Tudo sobre cores, modo de cores, tabelas, cores especiais etc;<br>\n\u2014 <b>Ai que n\u00f3<\/b>: Aprenda a criar elementos vetoriais (desenhos);<br>\n<br>\nVeja gr\u00e1tis em <a href=\"http:\/\/www.slideshare.net\/haroldo-brito\" target=\"_blank\">http:\/\/www.slideshare.net\/haroldo-brito um pouco sobre os m\u00f3dulos<\/a>\n\t\t\t\t\t\t\t<\/div>\n\t\t\t\t\t\t\t<div class=\"tab-pane \" id=\"item2\">\n\t\t\t\t\t\t\t\t<b>12 + 12 horas<\/b>, sendo: <br>\n<b>12 horas*<\/b> de conte\u00fado imersivo presencial\/online + <b>12 horas<\/b> de estudo\/pr\u00e1tica por conta do aluno.\n<br>\n*6 encontros de 2 horas cada (modelo workshop\/oficina) em dias alternados<br>\nSempre de <b>17h \u00e0s 19h<\/b><br>\nPode-se negociar a quantidade de encontros e\/ou o hor\u00e1rio das aulas.\n\t\t\t\t\t\t\t<\/div>\n\t\t\t\t\t\t\t<div class=\"tab-pane \" id=\"item3\">\n\t\t\t\t\t\t\t\t<b>R$ 680,00<\/b>\n<br>Dinheiro, D\u00e9bito ou Cart\u00e3o Cr\u00e9dito em at\u00e9 3x<br>\n\t\t\t\t\t\t\t<\/div>\n\t\t\t\t\t\t\t<div class=\"tab-pane \" id=\"item4\">\n\t\t\t\t\t\t\t\t<b>INCLUSO<\/b><br>\nCertificado e suporte via e-mail por 15 dias.\n<br>\n<br>\n<b>P\u00daBLICO ALVO<\/b><br>\nEstudantes (v\u00e1lido para horas complementares), designer gr\u00e1ficos, arte-finalistas e p\u00fablico interessado.<br>\n<br>\n<b>APLICATIVOS EM CONJUNTO<\/b>\n<br>\nAdobe Indesign e Illustrator com Photoshop.\n<br>\n<br>\n<b>METODOLOGIA<\/b>\n<br>\nAula presencial, conte\u00fado te\u00f3rico e pr\u00e1tico com exemplos reais.\n<br>\n<br>\n<b>REQUISITOS<\/b>\n<br>\nSaber utilizar o computador;<br>\nAplicativos instalados e funcionando<br>\n\t\t\t\t\t\t\t<\/div>\n\t\t\t\t\t\t\t<div class=\"tab-pane \" id=\"item5\">\n\t\t\t\t\t\t\t\t1) enviar wattsapp para 61 98178-4001, para confirmar data da turma e dados para pagamento do sinal.<br>\n2) enviar comprovante de pagamento do sinal.<br>\n\t\t\t\t\t\t\t<\/div>\n\t\t\t\t\t\t\t<div class=\"tab-pane \" id=\"item6\">\n\t\t\t\t\t\t\t\t\u2014 N\u00e3o, n\u00e3o somos uma escola, <b>oferecemos workshops livres<\/b> utilizando as mesmas t\u00e9cnicas e ferramentas que utilizamos para executar nossos projetos do escrit\u00f3rio.<br><br>\n\n\n\u2014 Sim, voc\u00ea precisar <b>trazer seu notebook\/macbook<\/b> devidamente funcionando e com os aplicativos funcionando.<br><br>\n\n\n\u2014 Sim, o workshop \u00e9 <b>pensado para quem n\u00e3o conhece nada das ferramentas<\/b>. Ent\u00e3o sim, \u00e9 para iniciantes.<br><br>\n\n\n\u2014 N\u00e3o, voc\u00ea n\u00e3o sair\u00e1 daqui pronto para trabalhar em grandes projetos\/empresas. Afinal \u00e9 preciso treino. Mas garanto que voc\u00ea elevara uma <b>vis\u00e3o muito clara e perfeitamente habilitado para usar as ferramentas propostas<\/b>, com isto faltar\u00e1 a experi\u00eancia, a viv\u00eancia que apenas o \u201cfazer\u201d tr\u00e1s.<br><br>\n\u2014 <b>Ainda n\u00e3o atendemos a \u00f3rg\u00e3os p\u00fablicos<\/b>. Aula particular? Sim, Detalhes mais abaixo.<br><br>\n\n\n\u2014 Lamento, mas se quer fazer o workshop porque precisa fazer um trabalho, \u201cprofissional\u201d ou acad\u00eamico, para o dia seguinte, esque\u00e7e! Este ou qualquer outro curso\/workshop\/semin\u00e1rio\/reza n\u00e3o v\u00e3o resolver seu problema, melhor contratar algu\u00e9m para a tarefa. E depois pensar em se capacitar para tarefas futuras.<br><br>\n\n\n\u2014 N\u00e3o, voc\u00ea n\u00e3o vai saber tudo sobre os aplicativos em um dia de workshop! O <b>treinamento \u00e9 pensado para voc\u00ea usar as 4 ferramentas b\u00e1sicas<\/b>:<br>\n\n<b>1)<\/b> Saber configurar corretamente, o documento, e ferramentas iniciais,<br>\n\n<b>2)<\/b> Saber aplicar e formatar corretamente Textos,<br>\n\n<b>3)<\/b> Saber configurar e usar corretamente as cores, e;<br>\n\n<b>4)<\/b> Desenhar objetos vetoriais.<br>Observe qualquer pe\u00e7a gr\u00e1fica, o que ver\u00e1 l\u00e1? Eu te ajudo: Textos, formas geom\u00e9tricas, e cores al\u00e9m do tamanho\/formato da pe\u00e7a. Por isto \u00e9 que o m\u00f3dulo start foca em Configura\u00e7\u00e3o, Texto, Cor e Objetos vetoriais. =). Mas e restante das ferramentas: elas s\u00e3o os suportes para estas. Sabendo o b\u00e1sico o resto e f\u00e1cil.<br><br>\n\n\n\u2014 N\u00e3o, n\u00e3o rola s\u00f3 photoshop ou Illustrator ou Indesign! O treinamento esta programado para ser os tr\u00eas juntos e ao mesmo tempo! Por isto \u00e9 r\u00e1pido eficiente e pr\u00e1tico.<br><br>\n\n\n\u2014 Sim, podemos fazer aula particular, cada caso \u00e9 um caso, valor m\u00ednimo em R$ 220,00 a hora\/aula.<br>\n\t\t\t\t\t\t\t<\/div>\n\t\t\t\t\t\t\t<div class=\"tab-pane \" id=\"item7\">\n\t\t\t\t\t\t\t\tAcontecem o ano todo. O treinamento acontece sempre de 1 a 6 pessoas. S\u00e3o sempre 6 encontros presenciais e novas pessoas\/turmas acontecem logo em seguida da atual. Mande um whats e consulte as datas futuras.\n\t\t\t\t\t\t\t<\/div><\/div>\n\t\t\t<\/div>\n\t\t\t<!-- \/TABS -->[\/vc_column][\/vc_row]<\/p>\n<\/section>","protected":false},"excerpt":{"rendered":"<p>[vc_row [&hellip;]<\/p>\n","protected":false},"author":3,"featured_media":0,"parent":2015,"menu_order":0,"comment_status":"open","ping_status":"closed","template":"page-vc.php","meta":{"footnotes":""},"class_list":["post-2052","page","type-page","status-publish","hentry"],"_links":{"self":[{"href":"https:\/\/criatusdesign.com.br\/index.php?rest_route=\/wp\/v2\/pages\/2052","targetHints":{"allow":["GET"]}}],"collection":[{"href":"https:\/\/criatusdesign.com.br\/index.php?rest_route=\/wp\/v2\/pages"}],"about":[{"href":"https:\/\/criatusdesign.com.br\/index.php?rest_route=\/wp\/v2\/types\/page"}],"author":[{"embeddable":true,"href":"https:\/\/criatusdesign.com.br\/index.php?rest_route=\/wp\/v2\/users\/3"}],"replies":[{"embeddable":true,"href":"https:\/\/criatusdesign.com.br\/index.php?rest_route=%2Fwp%2Fv2%2Fcomments&post=2052"}],"version-history":[{"count":0,"href":"https:\/\/criatusdesign.com.br\/index.php?rest_route=\/wp\/v2\/pages\/2052\/revisions"}],"up":[{"embeddable":true,"href":"https:\/\/criatusdesign.com.br\/index.php?rest_route=\/wp\/v2\/pages\/2015"}],"wp:attachment":[{"href":"https:\/\/criatusdesign.com.br\/index.php?rest_route=%2Fwp%2Fv2%2Fmedia&parent=2052"}],"curies":[{"name":"wp","href":"https:\/\/api.w.org\/{rel}","templated":true}]}}