{"id":2015,"date":"2016-11-09T12:29:17","date_gmt":"2016-11-09T14:29:17","guid":{"rendered":"http:\/\/criatusdesign.com.br\/?page_id=2015"},"modified":"2020-01-14T21:01:08","modified_gmt":"2020-01-15T00:01:08","slug":"cursos","status":"publish","type":"page","link":"https:\/\/criatusdesign.com.br\/?page_id=2015","title":{"rendered":"Cursos"},"content":{"rendered":"<section class=\"wpb-content-wrapper\"><p>[vc_row bg_source=&#8221;parallax&#8221; parallax_image=&#8221;1924&#8243; text_color=&#8221;bg-dark&#8221; overlay=&#8221;bg-dark-30&#8243; css=&#8221;.vc_custom_1478617727848{padding-top: 200px !important;padding-bottom: 200px !important;}&#8221;][vc_column]\n\t\t\t<!-- HERO TEXT -->\n\t\t\t<div class=\"hero-caption\">\n\t\t\t\t<div class=\"hero-text\"><h3 class=\"mh-line-size-3 font-alt m-b-20\">Cursos<\/h3>\t\n\t\t\t\t<\/div>\n\t\t\t<\/div>\n\t\t\t<!-- \/HERO TEXT -->[\/vc_column][\/vc_row][vc_row container=&#8221;1&#8243; css=&#8221;.vc_custom_1478618015828{padding-top: 70px !important;padding-bottom: 0px !important;}&#8221;][vc_column css=&#8221;.vc_custom_1478618196342{padding-right: 300px !important;padding-bottom: 70px !important;padding-left: 300px !important;}&#8221;]<!-- MODULE HEADING --><div class=\"module-subtitle font-serif\">Aprenda com t\u00e9cnicas validadas e \u00fateis de verdade! Temos diversos treinamentos aqui mesmo em um escrit\u00f3rio de design real, para 1 at\u00e9 6 pessoas. Presencial e\/ou via Skype nas \u00e1reas de design gr\u00e1fico e demais cria\u00e7\u00f5es gr\u00e1ficas.<\/p>\n<p>Venha aprender no campo real: Dentro de um escrit\u00f3rio de design gr\u00e1fico real com trabalhos reais, premiados e com um dos maiores conhecedores de produ\u00e7\u00e3o gr\u00e1fica do mercado!<\/p>\n<p>N\u00e3o sabe absolutamente nada ou j\u00e1 tem alguma experi\u00eancia? Esta cheio de assistir tutoriais no youtube e n\u00e3o saber fazer quando chega o trabalho? Cansou de estudar em turmas desniveladas? Esta com pressa e precisa de foco? N\u00e3o deixe de conversar com a gente. Acredite podemos ter muitas respostas.<\/p>\n<p>Treinamentos para empresas, faculdades e grupos.<\/div><!-- \/MODULE HEADING -->[\/vc_column][\/vc_row][vc_row css=&#8221;.vc_custom_1478778989762{margin-right: 350px !important;margin-left: 350px !important;}&#8221;][vc_column css=&#8221;.vc_custom_1478779164318{padding-right: 20px !important;}&#8221;]\n\t\t\t<div class=\"content-box\">\n\t\t\t\t<div class=\"content-box-icon\">\n\t\t\t\t\t<span class=\"icon-browser\"><\/span>\n\t\t\t\t<\/div>\n\t\t\t\t<h5 class=\"content-box-title font-alt\">Design Gr\u00e1fico com foco em Adobe Photoshop, InDesign e Illustrator<\/h5>\n\t\t\t\t<div class=\"content-box-text\">\n\t\t\t\t\tO grande diferencial deste curso e o m\u00e9todo: onde a ferramenta \u00e9 o centro e n\u00e3o o aplicativo, ou seja, uma vez aprendido a ferramenta, apenas replico este saber para os demais aplicativos. Com isto reduz o tempo de aprendizagem, facilita o entendimento e vc j\u00e1 consegue trabalhar em v\u00e1rios aplicativos ao mesmo tempo.\n\t\t\t\t<\/div>\n\t\t\t<\/div>[vc_btn title=&#8221;Saiba mais \u2192&#8221; style=&#8221;outline-custom&#8221; outline_custom_color=&#8221;#000000&#8243; outline_custom_hover_background=&#8221;#000000&#8243; outline_custom_hover_text=&#8221;#ffffff&#8221; shape=&#8221;square&#8221; size=&#8221;sm&#8221; align=&#8221;center&#8221; link=&#8221;url:http%3A%2F%2Fcriatusdesign.com.br%2Fcursos%2Fadobe-indesign-photoshop-illustrator-2%2F|title:Adobe||&#8221;]<hr class=\"divider\">\n\t\t\t<div class=\"content-box\">\n\t\t\t\t<div class=\"content-box-icon\">\n\t\t\t\t\t<span class=\"icon-gift\"><\/span>\n\t\t\t\t<\/div>\n\t\t\t\t<h5 class=\"content-box-title font-alt\">Fechamento de arquivos com Indesign, Illustrator e Photoshop<\/h5>\n\t\t\t\t<div class=\"content-box-text\">\n\t\t\t\t\tPreparou aquela arte incr\u00edvel e quando envia para produ\u00e7\u00e3o o arquivo volta? Quem nunca passou por isto... este workshop \u00e9 justamente para para evitar estes problemas. Aprenda de forma f\u00e1cil as t\u00e9cnicas exatas para ganhar qualidade, produtividade e efici\u00eancia no fechamento das suas cria\u00e7\u00f5es seja elas para impress\u00e3o ou digital.\n\t\t\t\t<\/div>\n\t\t\t<\/div>[vc_btn title=&#8221;Saiba mais \u2192&#8221; style=&#8221;outline-custom&#8221; outline_custom_color=&#8221;#000000&#8243; outline_custom_hover_background=&#8221;#000000&#8243; outline_custom_hover_text=&#8221;#ffffff&#8221; shape=&#8221;square&#8221; size=&#8221;sm&#8221; align=&#8221;center&#8221; link=&#8221;url:%20http%3A%2F%2Fcriatusdesign.com.br%2Fcursos%2Ffechamento-arquivos%2F|title:Acabamento||&#8221;]<hr class=\"divider\">\n\t\t\t<div class=\"content-box\">\n\t\t\t\t<div class=\"content-box-icon\">\n\t\t\t\t\t<span class=\"icon-paintbrush\"><\/span>\n\t\t\t\t<\/div>\n\t\t\t\t<h5 class=\"content-box-title font-alt\">Acabamento e Recursos especiais com Indesign, illustrator e Photoshop<\/h5>\n\t\t\t\t<div class=\"content-box-text\">\n\t\t\t\t\tSabe aquele recurso super bacana que voc\u00ea viu em algum impresso e sempre quiz usar em suas cria\u00e7\u00f5es? Agora voc\u00ea pode aprender da forma certa como aplicar hotstamp, verniz localizado ou total, serigrafia, relevo americano, letterpress, cortes especiais e tudo mais que sempre amamos. Um workshop completo com exemplos, exerc\u00edcios, fechamento de arquivos e uma boa conversas sobre como produzir e vender estes acabamentos.\n\t\t\t\t<\/div>\n\t\t\t<\/div>[vc_btn title=&#8221;Saiba mais \u2192&#8221; style=&#8221;outline-custom&#8221; outline_custom_color=&#8221;#000000&#8243; outline_custom_hover_background=&#8221;#000000&#8243; outline_custom_hover_text=&#8221;#ffffff&#8221; shape=&#8221;square&#8221; size=&#8221;sm&#8221; align=&#8221;center&#8221; link=&#8221;url:http%3A%2F%2Fcriatusdesign.com.br%2Fcursos%2Facabamento-recursos-especiais%2F|title:Fechamento%20de%20arquivos||&#8221;]<hr class=\"divider\">\n\t\t\t<div class=\"content-box\">\n\t\t\t\t<div class=\"content-box-icon\">\n\t\t\t\t\t<span class=\"icon-paintbrush\"><\/span>\n\t\t\t\t<\/div>\n\t\t\t\t<h5 class=\"content-box-title font-alt\">Treinamentos especiais \u2014 sob demanda<\/h5>\n\t\t\t\t<div class=\"content-box-text\">\n\t\t\t\t\tPegou um projeto e precisa de ajuda para entregar? Quer usar uma t\u00e9cnica nova? Que ter um fluxo inteligente e eficiente? N\u00f3s procure temos solu\u00e7\u00f5es sob medida para seu caso.\n\t\t\t\t<\/div>\n\t\t\t<\/div>[\/vc_column][\/vc_row]<\/p>\n<\/section>","protected":false},"excerpt":{"rendered":"<p>[vc_row [&hellip;]<\/p>\n","protected":false},"author":3,"featured_media":0,"parent":0,"menu_order":0,"comment_status":"closed","ping_status":"closed","template":"page-vc.php","meta":{"footnotes":""},"class_list":["post-2015","page","type-page","status-publish","hentry"],"_links":{"self":[{"href":"https:\/\/criatusdesign.com.br\/index.php?rest_route=\/wp\/v2\/pages\/2015","targetHints":{"allow":["GET"]}}],"collection":[{"href":"https:\/\/criatusdesign.com.br\/index.php?rest_route=\/wp\/v2\/pages"}],"about":[{"href":"https:\/\/criatusdesign.com.br\/index.php?rest_route=\/wp\/v2\/types\/page"}],"author":[{"embeddable":true,"href":"https:\/\/criatusdesign.com.br\/index.php?rest_route=\/wp\/v2\/users\/3"}],"replies":[{"embeddable":true,"href":"https:\/\/criatusdesign.com.br\/index.php?rest_route=%2Fwp%2Fv2%2Fcomments&post=2015"}],"version-history":[{"count":0,"href":"https:\/\/criatusdesign.com.br\/index.php?rest_route=\/wp\/v2\/pages\/2015\/revisions"}],"wp:attachment":[{"href":"https:\/\/criatusdesign.com.br\/index.php?rest_route=%2Fwp%2Fv2%2Fmedia&parent=2015"}],"curies":[{"name":"wp","href":"https:\/\/api.w.org\/{rel}","templated":true}]}}