{"id":1969,"date":"2016-11-08T11:48:44","date_gmt":"2016-11-08T13:48:44","guid":{"rendered":"http:\/\/criatusdesign.com.br\/?page_id=1969"},"modified":"2018-01-28T17:20:28","modified_gmt":"2018-01-28T19:20:28","slug":"sobre-criatus","status":"publish","type":"page","link":"https:\/\/criatusdesign.com.br\/?page_id=1969","title":{"rendered":"Sobre a Criatus"},"content":{"rendered":"<section class=\"wpb-content-wrapper\"><p>[vc_row bg_source=&#8221;parallax&#8221; parallax_image=&#8221;1924&#8243; text_color=&#8221;bg-dark&#8221; overlay=&#8221;bg-dark-30&#8243; css=&#8221;.vc_custom_1478615597870{padding-top: 200px !important;padding-bottom: 200px !important;}&#8221;][vc_column]\n\t\t\t<!-- HERO TEXT -->\n\t\t\t<div class=\"hero-caption\">\n\t\t\t\t<div class=\"hero-text\"><h3 class=\"mh-line-size-3 font-alt m-b-20\">Sobre A Criatus<\/h3>\t\n\t\t\t\t<\/div>\n\t\t\t<\/div>\n\t\t\t<!-- \/HERO TEXT -->[\/vc_column][\/vc_row][vc_row css=&#8221;.vc_custom_1478614061546{padding-top: 70px !important;padding-bottom: 0px !important;}&#8221;][vc_column]<!-- MODULE HEADING --><h2 class=\"module-title font-alt\">O Escrit\u00f3rio<\/h2><!-- \/MODULE HEADING -->[\/vc_column][\/vc_row][vc_row container=&#8221;1&#8243; css=&#8221;.vc_custom_1478615351887{padding-top: 0px !important;padding-right: 0px !important;padding-bottom: 0px !important;padding-left: 0px !important;}&#8221;][vc_column width=&#8221;1\/4&#8243; css=&#8221;.vc_custom_1478615678777{padding-right: 15px !important;padding-left: 0px !important;}&#8221; offset=&#8221;vc_hidden-md vc_hidden-sm vc_hidden-xs&#8221;][vc_single_image image=&#8221;1926&#8243; img_size=&#8221;medium&#8221;][\/vc_column][vc_column width=&#8221;3\/4&#8243; css=&#8221;.vc_custom_1478615758169{padding-left: 15px !important;}&#8221;][vc_column_text]Gostamos do simples sem ser simpl\u00f3rio, do inovador sem esquecer o ser humano, da estrat\u00e9gia sem ser fria, do resultado compartilhado e da pol\u00edtica onde todos ganham.<\/p>\n<p><strong>No que acreditamos:<\/strong> No ser humano, \u00e9tica, estrat\u00e9gia, confian\u00e7a, responsabilidade, mensura\u00e7\u00e3o, meritocracia, igualdade de acesso, profissionalismo, compartilhamento, fazer juntos, conquistas, crescimento sustent\u00e1vel, respeito \u00e0s gera\u00e7\u00f5es e seus pr\u00f3prios problemas, uma juventude consciente, gratid\u00e3o e retorno dos investimentos sejam eles emocionais ou financeiros.<\/p>\n<p style=\"text-align: left;\">\u00c9 preciso que o cliente vivencie experi\u00eancias construtivas.<\/p>\n<p><strong>Nossa miss\u00e3o:\u00a0<\/strong><strong>Contribuir com o aumento da \u201cPercep\u00e7\u00e3o de Valor\u201d, do ser humano, da marca comercial e da cultura junto a seu \u201cSeguimento de Clientes\u201d a um n\u00edvel de experi\u00eancia visual \u00fanico de forma inteligente e atrativa<\/strong>, equilibrando as necessidades de comunica\u00e7\u00e3o \u00e0s expectativas e resultados das a\u00e7\u00f5es, respeitando o p\u00fablico alvo, o cliente e o capital investido nos projetos.<\/p>\n<p style=\"text-align: left;\">Utilizando\u00a0<strong>os conceitos est\u00e9ticos e funcionais do design gr\u00e1fico, argumentos comerciais, aspectos comportamentais do consumidor e ferramentas de tecnologia. <\/strong>Temos tamb\u00e9m o cuidado de <strong>facilitar a gest\u00e3o de design<\/strong>\u00a0junto ao cliente, com instru\u00e7\u00f5es claras e simples de como utilizar-se das pe\u00e7as gr\u00e1ficas para aumentar com efici\u00eancia esta percep\u00e7\u00e3o.<\/p>\n<p style=\"text-align: left;\">Temos um\u00a0<strong>modelo de atendimento e produ\u00e7\u00e3o que facilita a captura da ess\u00eancia das necessidades do cliente<\/strong> e as converte em uma solu\u00e7\u00e3o de comunica\u00e7\u00e3o bonita, eficiente e que facilite a convers\u00e3o em valor de marca ou vendas.<\/p>\n<p>[\/vc_column_text][\/vc_column][\/vc_row][vc_row container=&#8221;1&#8243; css=&#8221;.vc_custom_1478615415145{padding-top: 50px !important;padding-bottom: 50px !important;}&#8221; el_id=&#8221;team&#8221;][vc_column width=&#8221;1\/4&#8243; css=&#8221;.vc_custom_1438616621664{margin-bottom: 30px !important;padding-right: 30px !important;}&#8221;]\n\t\t\t<!-- TEAM MEMBER -->\n\t\t\t<div class=\"team-item\">\n\t\t\t\t<div class=\"team-image\">\n\t\t\t\t\t<img decoding=\"async\" alt=\"\" src=\"https:\/\/criatusdesign.com.br\/wp-content\/uploads\/2016\/11\/jorgemsalim2016c-600x600.jpg\">\n\t\t\t\t\t<div class=\"team-detail text-center\">\n\t\t\t\t\t\t<ul class=\"social-icon-links socicon-circle\"><li><a href=\"#\"><i class=\"fa fa-twitter\"><\/i><\/a><\/li><li><a href=\"#\"><i class=\"fa fa-facebook\"><\/i><\/a><\/li><li><a href=\"#\"><i class=\"fa fa-google-plus\"><\/i><\/a><\/li><\/ul>\n\t\t\t\t\t<\/div>\n\t\t\t\t<\/div>\n\t\t\t\t<div class=\"team-descr\">\n\t\t\t\t\t<h5 class=\"team-name font-alt\">Haroldo Brito<\/h5>\n\t\t\t\t\t<div class=\"team-role font-serif\">Designer gr\u00e1fico e empreendedor<\/div>\n\t\t\t\t<\/div>\n\t\t\t<\/div>\n\t\t\t<!-- \/TEAM MEMBER -->[\/vc_column][vc_column width=&#8221;3\/4&#8243; css=&#8221;.vc_custom_1438616625837{margin-bottom: 30px !important;padding-right: 15px !important;padding-left: 15px !important;}&#8221;][vc_column_text title=&#8221;Haroldo Brito&#8221;]\u00c9 designer gr\u00e1fico, fundou em 2010 a Criatus\u00ae Design, tem trabalhos selecionados para a 12\u00ba Bienal Brasileira de Design e shortlist nas edi\u00e7\u00f5es 11\u00ba e 10\u00ba; nas 17\u00ba e 14\u00ba edi\u00e7\u00f5es do Pr\u00eamio Jorge Salim, empreendedor e esta comemorando, e trabalhando muito, seus 8 anos de escrit\u00f3rio e poder oferecer uma vaga de emprego em nossa capital. \u00c9 2\u00ba secret\u00e1rio da ADEGRAF 2016-2018, ex-diretor financeiro da ADGBrasil 2015-2017 e foi membro da comiss\u00e3o organizadora da 12\u00ba Bienal Brasileira de Design, Bras\u00edlia-DF.<\/p>\n<p>Com mais de 17 anos atuando no mercado gr\u00e1fico de Bras\u00edlia, <strong>Haroldo Brito<\/strong> j\u00e1 trabalhou nos departamentos de atendimento, or\u00e7amento, e pr\u00e9-impress\u00e3o em uma das melhores gr\u00e1ficas de Bras\u00edlia. Mas sua paix\u00e3o mesmo \u00e9 design gr\u00e1fico, onde j\u00e1 desenvolveu grandes projetos para diversas empresas de Bras\u00edlia e tamb\u00e9m de outros estados. Alguns exemplos destes trabalhos podem ser vistos em: identidade visual (marca ou como \u00e9 mais conhecido logomarca ou logotipo);\u00a0identidade para eventos;\u00a0portfolio para empresas\u00a0(portfolio institucional); diagrama\u00e7\u00e3o de livros em design editorial, e pe\u00e7as para divulga\u00e7\u00e3o comercial ou institucional em design promocional.<\/p>\n<p><strong>Como professor<\/strong> possui vasta experi\u00eancia em produ\u00e7\u00e3o e processos gr\u00e1ficos, acabamentos e materiais especiais, instrutor convidado do Senai para o m\u00f3dulo \u201cCria\u00e7\u00e3o de Logomarcas e Identidades visuais\u201d para curso T\u00e9cnico de Design Gr\u00e1fico, PDF Profissional 9.0, para o TST e Instrutor do Curso \u201cDesign Gr\u00e1fico, Aplicativos e Projetos\u201d, com mais de 330 pessoas treinadas desde 2005 nas \u00e1reas de cria\u00e7\u00e3o, pr\u00e9-impress\u00e3o e produ\u00e7\u00e3o gr\u00e1fica onde traz a realidade do mercado, a viv\u00eancia pr\u00e1tica, cases e ferramentas digitais para o cotidiano da sala de aula, enriquecendo assim o aprendizado desde 2005. Neste momento esta finalizando um novo modelo de curso de Photoshop, Indesign, Illustrator, com uma metodologia moderna e atualizada com a velocidade que o aluno precisa para resolver seu dia a dia.[\/vc_column_text][\/vc_column][\/vc_row][vc_row container=&#8221;1&#8243; css=&#8221;.vc_custom_1478617464662{padding-top: 20px !important;padding-bottom: 70px !important;}&#8221;][vc_column width=&#8221;1\/4&#8243;]\n\t\t<!-- COUNTER -->\n\t\t<div class=\"counter-item\">\n\t\t\t<div class=\"counter-title font-alt\">\n\t\t\t\t<h5 class=\"font-alt counter-number\" data-number=\"6\"><span><\/span> <\/h5>\n\t\t\t\tReconhecimentos ou pr\u00eamios\n\t\t\t<\/div>\n\t\t<\/div>\n\t\t<!-- \/COUNTER -->[\/vc_column][vc_column width=&#8221;1\/4&#8243;]\n\t\t<!-- COUNTER -->\n\t\t<div class=\"counter-item\">\n\t\t\t<div class=\"counter-title font-alt\">\n\t\t\t\t<h5 class=\"font-alt counter-number\" data-number=\"416\"><span><\/span>+<\/h5>\n\t\t\t\tProjetos Realizados\n\t\t\t<\/div>\n\t\t<\/div>\n\t\t<!-- \/COUNTER -->[\/vc_column][vc_column width=&#8221;1\/4&#8243;]\n\t\t<!-- COUNTER -->\n\t\t<div class=\"counter-item\">\n\t\t\t<div class=\"counter-title font-alt\">\n\t\t\t\t<h5 class=\"font-alt counter-number\" data-number=\"90\"><span><\/span>%<\/h5>\n\t\t\t\tde satisfa\u00e7\u00e3o\n\t\t\t<\/div>\n\t\t<\/div>\n\t\t<!-- \/COUNTER -->[\/vc_column][vc_column width=&#8221;1\/4&#8243;]\n\t\t<!-- COUNTER -->\n\t\t<div class=\"counter-item\">\n\t\t\t<div class=\"counter-title font-alt\">\n\t\t\t\t<h5 class=\"font-alt counter-number\" data-number=\"7\"><span><\/span>+<\/h5>\n\t\t\t\tAnos no mercado\n\t\t\t<\/div>\n\t\t<\/div>\n\t\t<!-- \/COUNTER -->[\/vc_column][\/vc_row][vc_row][vc_column]<hr class=\"divider\">[\/vc_column][\/vc_row][vc_row css=&#8221;.vc_custom_1478615855932{padding-top: 70px !important;padding-bottom: 0px !important;}&#8221;][vc_column]<!-- MODULE HEADING --><h2 class=\"module-title font-alt\">O que fazemos<\/h2><!-- \/MODULE HEADING -->[\/vc_column][\/vc_row][vc_row container=&#8221;1&#8243; css=&#8221;.vc_custom_1478616709460{padding-bottom: 70px !important;}&#8221; el_id=&#8221;services&#8221;][vc_column width=&#8221;1\/3&#8243; css=&#8221;.vc_custom_1478616593351{padding-right: 15px !important;padding-left: 15px !important;}&#8221;]\n\t\t\t<div class=\"content-box\">\n\t\t\t\t<div class=\"content-box-icon\">\n\t\t\t\t\t<span class=\"icon-book-open\"><\/span>\n\t\t\t\t<\/div>\n\t\t\t\t<h5 class=\"content-box-title font-alt\">Editorial<\/h5>\n\t\t\t\t<div class=\"content-box-text\">\n\t\t\t\t\t\n\t\t\t\t<\/div>\n\t\t\t<\/div>[\/vc_column][vc_column width=&#8221;1\/3&#8243; css=&#8221;.vc_custom_1478616288148{padding-right: 15px !important;padding-left: 15px !important;}&#8221;]\n\t\t\t<div class=\"content-box\">\n\t\t\t\t<div class=\"content-box-icon\">\n\t\t\t\t\t<span class=\"icon-edit\"><\/span>\n\t\t\t\t<\/div>\n\t\t\t\t<h5 class=\"content-box-title font-alt\">Identidade Visual<\/h5>\n\t\t\t\t<div class=\"content-box-text\">\n\t\t\t\t\t\n\t\t\t\t<\/div>\n\t\t\t<\/div>[\/vc_column][vc_column width=&#8221;1\/3&#8243; css=&#8221;.vc_custom_1478616298003{padding-right: 0px !important;padding-left: 15px !important;}&#8221;]\n\t\t\t<div class=\"content-box\">\n\t\t\t\t<div class=\"content-box-icon\">\n\t\t\t\t\t<span class=\"icon-presentation\"><\/span>\n\t\t\t\t<\/div>\n\t\t\t\t<h5 class=\"content-box-title font-alt\">Portf\u00f3lio de empresas<\/h5>\n\t\t\t\t<div class=\"content-box-text\">\n\t\t\t\t\t\n\t\t\t\t<\/div>\n\t\t\t<\/div>[\/vc_column][\/vc_row][vc_row container=&#8221;1&#8243; css=&#8221;.vc_custom_1478616937083{padding-right: 15px !important;padding-bottom: 140px !important;padding-left: 15px !important;}&#8221; el_id=&#8221;services&#8221;][vc_column width=&#8221;1\/4&#8243; css=&#8221;.vc_custom_1478616927344{padding-right: 15px !important;padding-left: 15px !important;}&#8221;]\n\t\t\t<!-- ALT CONTENT BOX -->\n\t\t\t<div class=\"alt-content-box m-t-50 text-left\">\n\t\t\t\t<div class=\"alt-content-box-icon\">\n\t\t\t\t\t<span class=\"icon-mobile\"><\/span>\n\t\t\t\t<\/div>\n\t\t\t\t<h6 class=\"alt-content-box-title font-alt\">Autopublica\u00e7\u00e3o F\u00e1cil<\/h6>\n\t\t\t\t<div class=\"content-box-text\">\n\t\t\t\t\t\n\t\t\t\t<\/div>\n\t\t\t<\/div>\n\t\t\t<!-- \/ALT CONTENT BOX -->[\/vc_column][vc_column width=&#8221;1\/4&#8243; css=&#8221;.vc_custom_1478617515047{padding-right: 15px !important;padding-left: 15px !important;}&#8221;]\n\t\t\t<!-- ALT CONTENT BOX -->\n\t\t\t<div class=\"alt-content-box m-t-50 text-left\">\n\t\t\t\t<div class=\"alt-content-box-icon\">\n\t\t\t\t\t<span class=\"icon-chat\"><\/span>\n\t\t\t\t<\/div>\n\t\t\t\t<h6 class=\"alt-content-box-title font-alt\">Assessoria em Design Gr\u00e1fico<\/h6>\n\t\t\t\t<div class=\"content-box-text\">\n\t\t\t\t\t\n\t\t\t\t<\/div>\n\t\t\t<\/div>\n\t\t\t<!-- \/ALT CONTENT BOX -->[\/vc_column][vc_column width=&#8221;1\/4&#8243; css=&#8221;.vc_custom_1478616914508{padding-right: 15px !important;padding-left: 15px !important;}&#8221;]\n\t\t\t<!-- ALT CONTENT BOX -->\n\t\t\t<div class=\"alt-content-box m-t-50 text-left\">\n\t\t\t\t<div class=\"alt-content-box-icon\">\n\t\t\t\t\t<span class=\"icon-gears\"><\/span>\n\t\t\t\t<\/div>\n\t\t\t\t<h6 class=\"alt-content-box-title font-alt\">Couching Editorial<\/h6>\n\t\t\t\t<div class=\"content-box-text\">\n\t\t\t\t\t\n\t\t\t\t<\/div>\n\t\t\t<\/div>\n\t\t\t<!-- \/ALT CONTENT BOX -->[\/vc_column][vc_column width=&#8221;1\/4&#8243; css=&#8221;.vc_custom_1478616920560{padding-right: 15px !important;padding-left: 15px !important;}&#8221;]\n\t\t\t<!-- ALT CONTENT BOX -->\n\t\t\t<div class=\"alt-content-box m-t-50 text-left\">\n\t\t\t\t<div class=\"alt-content-box-icon\">\n\t\t\t\t\t<span class=\"icon-browser\"><\/span>\n\t\t\t\t<\/div>\n\t\t\t\t<h6 class=\"alt-content-box-title font-alt\">Curso e Workshop<\/h6>\n\t\t\t\t<div class=\"content-box-text\">\n\t\t\t\t\t\n\t\t\t\t<\/div>\n\t\t\t<\/div>\n\t\t\t<!-- \/ALT CONTENT BOX -->[\/vc_column][\/vc_row]<\/p>\n<\/section>","protected":false},"excerpt":{"rendered":"<p>[vc_row [&hellip;]<\/p>\n","protected":false},"author":3,"featured_media":0,"parent":0,"menu_order":0,"comment_status":"open","ping_status":"closed","template":"page-vc.php","meta":{"footnotes":""},"class_list":["post-1969","page","type-page","status-publish","hentry"],"_links":{"self":[{"href":"https:\/\/criatusdesign.com.br\/index.php?rest_route=\/wp\/v2\/pages\/1969","targetHints":{"allow":["GET"]}}],"collection":[{"href":"https:\/\/criatusdesign.com.br\/index.php?rest_route=\/wp\/v2\/pages"}],"about":[{"href":"https:\/\/criatusdesign.com.br\/index.php?rest_route=\/wp\/v2\/types\/page"}],"author":[{"embeddable":true,"href":"https:\/\/criatusdesign.com.br\/index.php?rest_route=\/wp\/v2\/users\/3"}],"replies":[{"embeddable":true,"href":"https:\/\/criatusdesign.com.br\/index.php?rest_route=%2Fwp%2Fv2%2Fcomments&post=1969"}],"version-history":[{"count":0,"href":"https:\/\/criatusdesign.com.br\/index.php?rest_route=\/wp\/v2\/pages\/1969\/revisions"}],"wp:attachment":[{"href":"https:\/\/criatusdesign.com.br\/index.php?rest_route=%2Fwp%2Fv2%2Fmedia&parent=1969"}],"curies":[{"name":"wp","href":"https:\/\/api.w.org\/{rel}","templated":true}]}}